{"id":11516,"date":"2024-08-16T02:33:12","date_gmt":"2024-08-16T02:33:12","guid":{"rendered":"https:\/\/achibueno.com\/camp\/?page_id=11516"},"modified":"2024-08-16T02:44:20","modified_gmt":"2024-08-16T02:44:20","slug":"what-is-las-mulas","status":"publish","type":"page","link":"https:\/\/achibueno.com\/camp\/es\/what-is-las-mulas\/","title":{"rendered":"\u00bfQu\u00e9 es Las Mulas?"},"content":{"rendered":"<body><p><div class=\"fusion-fullwidth fullwidth-box fusion-builder-row-1 nonhundred-percent-fullwidth non-hundred-percent-height-scrolling fusion-equal-height-columns\" style=\"background-color: rgba(255,255,255,0);background-position: center center;background-repeat: no-repeat;padding-top:0px;padding-right:30px;padding-bottom:80px;padding-left:30px;margin-bottom: 0px;margin-top: 0px;border-width: 0px 0px 0px 0px;border-color:#eae9e9;border-style:solid;\" ><div class=\"fusion-builder-row fusion-row\"><div class=\"fusion-layout-column fusion_builder_column fusion-builder-column-0 fusion_builder_column_1_1 1_1 fusion-one-full fusion-column-first fusion-column-last\" style=\"margin-top:0px;margin-bottom:20px;\"><div class=\"fusion-column-wrapper fusion-flex-column-wrapper-legacy\" style=\"background-position:left top;background-repeat:no-repeat;-webkit-background-size:cover;-moz-background-size:cover;-o-background-size:cover;background-size:cover;padding: 0px 0px 0px 0px;\"><div class=\"fusion-text fusion-text-1\"><p><b>Desde 1993 realizamos campamentos de verano todos los a\u00f1os.<\/b>. Summer Camp Las Mulas is a focused on fun, connection with nature and friendship with peers. Through a week in the mountains in the Caj\u00f3n del Achibueno in the Andes, an inclusive and recreational space is created that has amazed thousands of campers over the years. We\u2019ll tell you a bit about what a week of camp looks like\u2026<\/p>\n<p>Todo comienza con la llegada de los campistas al punto de encuentro para partir en tren o autob\u00fas. All\u00ed se despiden de sus padres y comienzan a conocer por primera vez los rostros de quienes se convertir\u00e1n en amigos que durar\u00e1n a\u00f1os. Luego de 3 horas de viaje llegamos a Linares, desde donde tomamos otro bus y posteriormente una caminata para finalmente llegar a la Caba\u00f1a Las Mulas. La caba\u00f1a est\u00e1 ubicada en medio de un hermoso prado a minutos del r\u00edo. Los ni\u00f1os se instalan en sus habitaciones y se forma un c\u00edrculo grupal para explicar el funcionamiento b\u00e1sico de las normas del campamento sobre cuidados, convivencia, seguridad, horarios del campamento y luego se presenta al equipo.<\/p>\n<p>Al d\u00eda siguiente, un d\u00eda t\u00edpico en Las Mulas comenzar\u00eda con un desayuno de panqueques alrededor de la fogata.<\/p>\n<p>The children wake up at their own pace, have breakfast, and around 9 o\u2019clock we hold a circle on the grass to do stretches, a short game, and also provide information about the day\u2019s activities. Then it\u2019s time for the class sign-ups, where each camper can choose the activity they want to do until lunch. The activities they choose from range from horseback riding, carpentry, archery, art, cooking, building forts in the woods, adventure hiking, filmmaking, among others. All activities are detailed further below.<\/p>\n<p>Upon returning from their activities, we gather again to eat a delicious lunch prepared by Silvia, who has been working with us for many years. Something different is eaten every day; Silvia\u2019s menu is always celebrated.<\/p>\n<p>Luego hay un per\u00edodo de descanso para que los ni\u00f1os utilicen su tiempo libremente; podr\u00e1n jugar en el prado, leer, jugar a juegos de mesa, echar una siesta, conocer las diferentes casas en los \u00e1rboles, hablar con sus amigos, etc.<\/p>\n<p>Cuando suena la campana, se re\u00fane todo el campamento y nos dirigimos al r\u00edo. Cada d\u00eda intentamos ir a una zona diferente del r\u00edo para que los ni\u00f1os puedan conocer varios de los divertidos y hermosos lugares del Achibueno. Todos los puntos fluviales que visitamos son muy conocidos por nuestro equipo, aqu\u00ed estamos todos atentos a la seguridad de los ni\u00f1os. Para que puedan divertirse sin riesgos, todos los monitores cuentan con formaci\u00f3n y protocolos de trabajo en cada zona del r\u00edo.<\/p>\n<p>In the river, the children play, sunbathe embracing the giant warm rocks after the cold water, in some parts of the river we jump from rocks or slide down the current with inner tubes; this is generally the campers\u2019 favorite part! Upon returning from the river we are always greeted with watermelon or cookies, and then we play a game in the field such as dodgeball, capture the flag, volleyball, soccer, etc.<\/p>\n<p>As the sun goes down, the children bundle up and prepare for the night\u2019s activities. At 8:00 pm we eat a delicious dinner and then play a night game, or have a campfire with live music and marshmallows. <strong>And that\u2019s how a typical camp day ends!<\/strong><\/p>\n<p>Throughout the week, the children are in a constant state of fun where they connect with nature and create new friendships that sometimes last years ahead. Many former campers have formed some of their deepest and most lasting friendships at Las Mulas. When the end of the week is approaching, each camper does their own \u201ctie-dye\u201d t-shirt. The last night is a Talent Show; here the children who want to can put together a presentation and finally the films created during the week in the Film Making activity are also shown. The next day, we pack up and prepare to return to Santiago to meet with our families.<\/p>\n<p>Las Mulas is a place that has touched many hearts; it is an unforgettable experience that is almost always desire to be returned to. It is a project that is planned for an entire year to take care of every detail and try to make the experience exceptional each time. Our entire team works with a lot of love especially because it is made up of people who have been coming for years due to the love they have for Las Mulas. If you have more questions you can check the FAQ section, or write us an email. We\u2019ll be waiting for you!<\/p>\n<\/div><div class=\"fusion-clearfix\"><\/div><\/div><\/div><\/div><\/div><div class=\"fusion-fullwidth fullwidth-box fusion-builder-row-2 fusion-flex-container nonhundred-percent-fullwidth non-hundred-percent-height-scrolling\" style=\"background-color: rgba(255,255,255,0);background-position: center center;background-repeat: no-repeat;border-width: 0px 0px 0px 0px;border-color:#eae9e9;border-style:solid;\" ><div class=\"fusion-builder-row fusion-row fusion-flex-align-items-flex-start\" style=\"max-width:1216.8px;margin-left: calc(-4% \/ 2 );margin-right: calc(-4% \/ 2 );\"><div class=\"fusion-layout-column fusion_builder_column fusion-builder-column-1 fusion_builder_column_1_1 1_1 fusion-flex-column\"><div class=\"fusion-column-wrapper fusion-flex-justify-content-flex-start fusion-content-layout-column\" style=\"background-position:left top;background-repeat:no-repeat;-webkit-background-size:cover;-moz-background-size:cover;-o-background-size:cover;background-size:cover;padding: 0px 0px 0px 0px;\"><\/div><style type=\"text\/css\">.fusion-body .fusion-builder-column-1{width:100% !important;margin-top : 0px;margin-bottom : 20px;}.fusion-builder-column-1 > .fusion-column-wrapper {padding-top : 0px !important;padding-right : 0px !important;margin-right : 1.92%;padding-bottom : 0px !important;padding-left : 0px !important;margin-left : 1.92%;}@media only screen and (max-width:742px) {.fusion-body .fusion-builder-column-1{width:100% !important;order : 0;}.fusion-builder-column-1 > .fusion-column-wrapper {margin-right : 1.92%;margin-left : 1.92%;}}@media only screen and (max-width:650px) {.fusion-body .fusion-builder-column-1{width:100% !important;order : 0;}.fusion-builder-column-1 > .fusion-column-wrapper {margin-right : 1.92%;margin-left : 1.92%;}}<\/style><\/div><\/div><style type=\"text\/css\">.fusion-body .fusion-flex-container.fusion-builder-row-2{ padding-top : 0px;margin-top : 0px;padding-right : 30px;padding-bottom : 0px;margin-bottom : 0px;padding-left : 30px;}<\/style><\/div><div class=\"fusion-fullwidth fullwidth-box fusion-builder-row-3 nonhundred-percent-fullwidth non-hundred-percent-height-scrolling\" style=\"background-color: rgba(255,255,255,0);background-position: center center;background-repeat: no-repeat;padding-top:0px;padding-right:30px;padding-bottom:0px;padding-left:30px;margin-bottom: 0px;margin-top: 30px;border-width: 0px 0px 0px 0px;border-color:#eae9e9;border-style:solid;\" ><div class=\"fusion-builder-row fusion-row\"><div class=\"fusion-layout-column fusion_builder_column fusion-builder-column-2 fusion_builder_column_1_1 1_1 fusion-one-full fusion-column-first fusion-column-last fusion-animated\" style=\"margin-top:-30px;margin-bottom:40px;\" data-animationtype=\"fadeInLeft\" data-animationduration=\"0.8\" data-animationoffset=\"50%\"><div class=\"fusion-column-wrapper fusion-flex-column-wrapper-legacy\" style=\"background-position:left top;background-repeat:no-repeat;-webkit-background-size:cover;-moz-background-size:cover;-o-background-size:cover;background-size:cover;padding: 0px 0px 0px 0px;\"><div class=\"fusion-column-content-centered\"><div class=\"fusion-column-content\"><div class=\"fusion-sep-clear\"><\/div><div class=\"fusion-separator fusion-full-width-sep\" style=\"margin-left: auto;margin-right: auto;margin-top:10px;width:100%;\"><\/div><div class=\"fusion-sep-clear\"><\/div><\/div><\/div><div class=\"fusion-clearfix\"><\/div><\/div><\/div><\/div><\/div><\/p>\n<\/body>","protected":false},"excerpt":{"rendered":"","protected":false},"author":1,"featured_media":0,"parent":0,"menu_order":0,"comment_status":"closed","ping_status":"closed","template":"100-width.php","meta":{"content-type":"","om_disable_all_campaigns":false,"_monsterinsights_skip_tracking":false,"_monsterinsights_sitenote_active":false,"_monsterinsights_sitenote_note":"","_monsterinsights_sitenote_category":0,"footnotes":""},"class_list":["post-11516","page","type-page","status-publish","hentry"],"_links":{"self":[{"href":"https:\/\/achibueno.com\/camp\/es\/wp-json\/wp\/v2\/pages\/11516","targetHints":{"allow":["GET"]}}],"collection":[{"href":"https:\/\/achibueno.com\/camp\/es\/wp-json\/wp\/v2\/pages"}],"about":[{"href":"https:\/\/achibueno.com\/camp\/es\/wp-json\/wp\/v2\/types\/page"}],"author":[{"embeddable":true,"href":"https:\/\/achibueno.com\/camp\/es\/wp-json\/wp\/v2\/users\/1"}],"replies":[{"embeddable":true,"href":"https:\/\/achibueno.com\/camp\/es\/wp-json\/wp\/v2\/comments?post=11516"}],"version-history":[{"count":5,"href":"https:\/\/achibueno.com\/camp\/es\/wp-json\/wp\/v2\/pages\/11516\/revisions"}],"predecessor-version":[{"id":11526,"href":"https:\/\/achibueno.com\/camp\/es\/wp-json\/wp\/v2\/pages\/11516\/revisions\/11526"}],"wp:attachment":[{"href":"https:\/\/achibueno.com\/camp\/es\/wp-json\/wp\/v2\/media?parent=11516"}],"curies":[{"name":"wp","href":"https:\/\/api.w.org\/{rel}","templated":true}]}}