{"id":8360,"date":"2022-08-19T19:27:24","date_gmt":"2022-08-19T19:27:24","guid":{"rendered":"https:\/\/achibueno.com\/?page_id=8360"},"modified":"2023-07-16T22:07:17","modified_gmt":"2023-07-16T22:07:17","slug":"terms-conditions","status":"publish","type":"page","link":"https:\/\/achibueno.com\/camp\/es\/terms-conditions\/","title":{"rendered":"Terms &#038; Conditions"},"content":{"rendered":"<body><div class=\"fusion-fullwidth fullwidth-box fusion-builder-row-1 fusion-flex-container nonhundred-percent-fullwidth non-hundred-percent-height-scrolling\" style=\"background-color: rgba(255,255,255,0);background-position: center center;background-repeat: no-repeat;border-width: 0px 0px 0px 0px;border-color:#eae9e9;border-style:solid;\" ><div class=\"fusion-builder-row fusion-row fusion-flex-align-items-flex-start\" style=\"max-width:1216.8px;margin-left: calc(-4% \/ 2 );margin-right: calc(-4% \/ 2 );\"><div class=\"fusion-layout-column fusion_builder_column fusion-builder-column-0 fusion_builder_column_1_1 1_1 fusion-flex-column\"><div class=\"fusion-column-wrapper fusion-flex-justify-content-flex-start fusion-content-layout-column\" style=\"background-position:left top;background-repeat:no-repeat;-webkit-background-size:cover;-moz-background-size:cover;-o-background-size:cover;background-size:cover;padding: 0px 0px 0px 0px;\"><div class=\"fusion-text fusion-text-1\"><h3 data-fontsize=\"20\" style=\"--fontSize: 20; line-height: 1.6; --minFontSize: 20;\" data-lineheight=\"32px\" class=\"fusion-responsive-typography-calculated\">Good Behavior Contract<\/h3>\n<p>For the safety and well-being of all participants, it is important that attendees behave in a manner appropriate to the positive and playful spirit of the camp. Las Mulas Summer Camp provides an experience that can be very healing, and can give energy and inspiration for a whole year or even for life, however we are not trained to receive children with serious behavioral difficulties. In the event that your son or daughter\u2019s behavior is a major challenge for us, or that they are not able to respect basic camp rules, we will request that they be removed from the camp. If your son or daughter is undergoing psychiatric treatment we will need a detailed evaluation from your psychiatrist, and a school contact as further reference of their behavior in the school setting, in order to determine whether or not they can attend our camp. Parents must be available and willing to come to the Linares foothills if necessary. As parent or legal guardian, I declare that I have read the foregoing together with my daughter or son and we declare that we understand and accept the conditions set forth. .<\/p>\n<p style=\"color: rgb(219, 128, 17);\"><b><i><span style=\"color: rgb(219, 128, 17);\">In case of evacuating th<\/span><span style=\"color: rgb(219, 128, 17);\">e child, there is a c<\/span><span style=\"color: rgb(219, 128, 17);\">h<\/span><span style=\"color: rgb(219, 128, 17);\">arge of  $<\/span><span style=\"color: rgb(219, 128, 17);\"><span style=\"color: rgb(219, 128, 17);\">100.000 to Li<\/span><span style=\"color: rgb(219, 128, 17);\">nares a<\/span><\/span><span style=\"color: rgb(219, 128, 17);\">nd $40.000 to Monte Oscuro.<\/span><\/i><\/b><\/p>\n<p style=\"color: rgb(219, 128, 17);\"><b style=\"color: rgb(219, 128, 17);\"><i>No refunds.<\/i><\/b><\/p>\n<\/div><div class=\"fusion-text fusion-text-2\"><h3 data-fontsize=\"20\" style=\"--fontSize:20; line-height: 1.6; --minFontSize:20;\" data-lineheight=\"32px\" class=\"fusion-responsive-typography-calculated\"><\/h3>\n<p><i>(Please use the <b>browser back button to return to your form<\/b>)<\/i><\/p>\n<p><i><br><\/i><\/p>\n<p><b>Contrato de Bueno Comportamiento<\/b><\/p>\n<p>Para la seguridad y el bienestar de todos los participantes, es importante que los asistentes tengan un comportamiento adecuado al esp\u00edritu positivo y l\u00fadico del campamento. Las Mulas Summer Camp brinda una experiencia que puede ser muy sanadora, y puede dar energ\u00eda e inspiraci\u00f3n para todo un a\u00f1o o incluso para la vida, sin embargo no estamos capacitadas para recibir a ni\u00f1os y ni\u00f1as con dificultades graves de conducta. En caso de que el comportamiento de su hijo o hija sea un desaf\u00edo mayor para nosotras, o que no sea capaz de respetar reglas b\u00e1sicas del campamento, pediremos que sea retirado\/a del campamento. Si su hijo o hija est\u00e1 en tratamiento psiqui\u00e1trico necesitaremos una evaluaci\u00f3n detallada de su psiquiatra, y un contacto escolar para tener referencia adicional de el comportamiento en el establecimiento escolar, para as\u00ed determinar si puede o no asistir al campamento. Los padres deben estar ubicables y dispuestos a venir a la pre-codillera de Linares en caso de ser necesario. En calidad de apoderada\/o, declaro que he le\u00eddo lo anterior junto a mi hija o hijo y declaramos entender y aceptar las condiciones expuestas.    .<\/p>\n<p style=\"color: rgb(219, 128, 17);\"><b><i>En caso de evacuar a<span style=\"color: rgb(219, 128, 17);\">l ni\u00f1o se cobra $10<\/span>0.000 a Linares y $40.000 a Monte Oscuro.<\/i><\/b><\/p>\n<p style=\"color: rgb(219, 128, 17);\"><b><i>Sin reembolsos.<\/i><\/b><\/p>\n<p><i>(Por favor use el <b>bot\u00f3n  del navegador para volver al formulario)<\/b><\/i><\/p>\n<\/div><\/div><style type=\"text\/css\">.fusion-body .fusion-builder-column-0{width:100% !important;margin-top : 0px;margin-bottom : 20px;}.fusion-builder-column-0 > .fusion-column-wrapper {padding-top : 0px !important;padding-right : 0px !important;margin-right : 1.92%;padding-bottom : 0px !important;padding-left : 0px !important;margin-left : 1.92%;}@media only screen and (max-width:742px) {.fusion-body .fusion-builder-column-0{width:100% !important;order : 0;}.fusion-builder-column-0 > .fusion-column-wrapper {margin-right : 1.92%;margin-left : 1.92%;}}@media only screen and (max-width:650px) {.fusion-body .fusion-builder-column-0{width:100% !important;order : 0;}.fusion-builder-column-0 > .fusion-column-wrapper {margin-right : 1.92%;margin-left : 1.92%;}}<\/style><\/div><\/div><style type=\"text\/css\">.fusion-body .fusion-flex-container.fusion-builder-row-1{ padding-top : 0px;margin-top : 0px;padding-right : 30px;padding-bottom : 0px;margin-bottom : 0px;padding-left : 30px;}<\/style><\/div>\n<\/p><\/body>","protected":false},"excerpt":{"rendered":"","protected":false},"author":1,"featured_media":0,"parent":0,"menu_order":0,"comment_status":"closed","ping_status":"closed","template":"","meta":{"content-type":"","om_disable_all_campaigns":false,"_monsterinsights_skip_tracking":false,"_monsterinsights_sitenote_active":false,"_monsterinsights_sitenote_note":"","_monsterinsights_sitenote_category":0,"footnotes":""},"class_list":["post-8360","page","type-page","status-publish","hentry"],"_links":{"self":[{"href":"https:\/\/achibueno.com\/camp\/es\/wp-json\/wp\/v2\/pages\/8360","targetHints":{"allow":["GET"]}}],"collection":[{"href":"https:\/\/achibueno.com\/camp\/es\/wp-json\/wp\/v2\/pages"}],"about":[{"href":"https:\/\/achibueno.com\/camp\/es\/wp-json\/wp\/v2\/types\/page"}],"author":[{"embeddable":true,"href":"https:\/\/achibueno.com\/camp\/es\/wp-json\/wp\/v2\/users\/1"}],"replies":[{"embeddable":true,"href":"https:\/\/achibueno.com\/camp\/es\/wp-json\/wp\/v2\/comments?post=8360"}],"version-history":[{"count":7,"href":"https:\/\/achibueno.com\/camp\/es\/wp-json\/wp\/v2\/pages\/8360\/revisions"}],"predecessor-version":[{"id":10345,"href":"https:\/\/achibueno.com\/camp\/es\/wp-json\/wp\/v2\/pages\/8360\/revisions\/10345"}],"wp:attachment":[{"href":"https:\/\/achibueno.com\/camp\/es\/wp-json\/wp\/v2\/media?parent=8360"}],"curies":[{"name":"wp","href":"https:\/\/api.w.org\/{rel}","templated":true}]}}