{"id":10309,"date":"2023-07-11T01:32:06","date_gmt":"2023-07-11T01:32:06","guid":{"rendered":"https:\/\/achibueno.com\/?page_id=10309"},"modified":"2023-07-11T16:34:17","modified_gmt":"2023-07-11T16:34:17","slug":"preguntas-frecuentes-los-copihues","status":"publish","type":"page","link":"https:\/\/achibueno.com\/camp\/preguntas-frecuentes-los-copihues\/","title":{"rendered":"Preguntas frecuentes &#8211; Los Copihues"},"content":{"rendered":"<body><p><div class=\"fusion-fullwidth fullwidth-box fusion-builder-row-1 fusion-flex-container nonhundred-percent-fullwidth non-hundred-percent-height-scrolling\" style=\"background-color: rgba(255,255,255,0);background-position: center center;background-repeat: no-repeat;border-width: 0px 0px 0px 0px;border-color:#eae9e9;border-style:solid;\" ><div class=\"fusion-builder-row fusion-row fusion-flex-align-items-flex-start\" style=\"max-width:1216.8px;margin-left: calc(-4% \/ 2 );margin-right: calc(-4% \/ 2 );\"><div class=\"fusion-layout-column fusion_builder_column fusion-builder-column-0 fusion_builder_column_1_1 1_1 fusion-flex-column\"><div class=\"fusion-column-wrapper fusion-flex-justify-content-flex-start fusion-content-layout-column\" style=\"background-position:left top;background-repeat:no-repeat;-webkit-background-size:cover;-moz-background-size:cover;-o-background-size:cover;background-size:cover;padding: 0px 0px 0px 0px;\"><style type=\"text\/css\">.fusion-accordian  #accordion-10309-1 .panel-title a .fa-fusion-box{ color: #ffffff;}.fusion-accordian  #accordion-10309-1 .panel-title a .fa-fusion-box:before{ font-size: 13px; width: 13px;}.fusion-accordian  #accordion-10309-1 .panel-title a{font-size:15px;}.fusion-accordian  #accordion-10309-1 .fa-fusion-box { background-color: #333333;border-color: #333333;}.fusion-accordian  #accordion-10309-1 .panel-title a:hover, #accordion-10309-1 .fusion-toggle-boxed-mode:hover .panel-title a { color: #e88c0d;}.fusion-accordian  #accordion-10309-1 .panel-title .active .fa-fusion-box,.fusion-accordian  #accordion-10309-1 .panel-title a:hover .fa-fusion-box { background-color: #e88c0d!important;border-color: #e88c0d!important;}<\/style><div class=\"accordian fusion-accordian\"><div class=\"panel-group\" id=\"accordion-10309-1\"><div class=\"fusion-panel panel-default\"><div class=\"panel-heading\"><h4 class=\"panel-title toggle\"><a aria-expanded=\"false\" aria-controls=\"ee1e1b45b41fa5081\" role=\"button\" data-toggle=\"collapse\" data-parent=\"#accordion-10309-1\" data-target=\"#ee1e1b45b41fa5081\" href=\"#ee1e1b45b41fa5081\"><span class=\"fusion-toggle-icon-wrapper\" aria-hidden=\"true\"><i class=\"fa-fusion-box\" aria-hidden=\"true\"><\/i><\/span><span class=\"fusion-toggle-heading\">\u00bfQu\u00e9 debo llevar?<\/span><\/a><\/h4><\/div><div id=\"ee1e1b45b41fa5081\" class=\"panel-collapse collapse \"><div class=\"panel-body toggle-content fusion-clearfix\">\n<p>Los Copihues esta totalmente equipado con todos los utensilios de cocina, y servicio.\u00a0 S\u00f3lo falta cafetera de caf\u00e9 en grano.<br>\nSiempre deben traer linterna y carpa y sacos de dormir.<\/p>\n<\/div><\/div><\/div><div class=\"fusion-panel panel-default\"><div class=\"panel-heading\"><h4 class=\"panel-title toggle\"><a aria-expanded=\"false\" aria-controls=\"7a628e6ef456bd527\" role=\"button\" data-toggle=\"collapse\" data-parent=\"#accordion-10309-1\" data-target=\"#7a628e6ef456bd527\" href=\"#7a628e6ef456bd527\"><span class=\"fusion-toggle-icon-wrapper\" aria-hidden=\"true\"><i class=\"fa-fusion-box\" aria-hidden=\"true\"><\/i><\/span><span class=\"fusion-toggle-heading\">\u00bfHay electricidad?<\/span><\/a><\/h4><\/div><div id=\"7a628e6ef456bd527\" class=\"panel-collapse collapse \"><div class=\"panel-body toggle-content fusion-clearfix\">\n<p>No hay electricidad pero puedes traer un generador si lo deseas.<\/p>\n<\/div><\/div><\/div><div class=\"fusion-panel panel-default\"><div class=\"panel-heading\"><h4 class=\"panel-title toggle\"><a aria-expanded=\"false\" aria-controls=\"29f1e140d342640d7\" role=\"button\" data-toggle=\"collapse\" data-parent=\"#accordion-10309-1\" data-target=\"#29f1e140d342640d7\" href=\"#29f1e140d342640d7\"><span class=\"fusion-toggle-icon-wrapper\" aria-hidden=\"true\"><i class=\"fa-fusion-box\" aria-hidden=\"true\"><\/i><\/span><span class=\"fusion-toggle-heading\">\u00bf El camping tiene otras personas acampando durante mi estad\u00eda?<\/span><\/a><\/h4><\/div><div id=\"29f1e140d342640d7\" class=\"panel-collapse collapse \"><div class=\"panel-body toggle-content fusion-clearfix\">\n<p>Este parque privado recibe s\u00f3lo\u00a0 un grupo a la vez, de esta manera se asegura que la experiencia es tranquila y a tu gusto con la naturaleza.<\/p>\n<\/div><\/div><\/div><div class=\"fusion-panel panel-default\"><div class=\"panel-heading\"><h4 class=\"panel-title toggle\"><a aria-expanded=\"false\" aria-controls=\"a3e1eeb75b40599e6\" role=\"button\" data-toggle=\"collapse\" data-parent=\"#accordion-10309-1\" data-target=\"#a3e1eeb75b40599e6\" href=\"#a3e1eeb75b40599e6\"><span class=\"fusion-toggle-icon-wrapper\" aria-hidden=\"true\"><i class=\"fa-fusion-box\" aria-hidden=\"true\"><\/i><\/span><span class=\"fusion-toggle-heading\">\u00bf Cu\u00e1nto se demora desde Linares?<\/span><\/a><\/h4><\/div><div id=\"a3e1eeb75b40599e6\" class=\"panel-collapse collapse \"><div class=\"panel-body toggle-content fusion-clearfix\">\n<p>El parque est\u00e1 a 1 hora de Linares.<\/p>\n<\/div><\/div><\/div><div class=\"fusion-panel panel-default\"><div class=\"panel-heading\"><h4 class=\"panel-title toggle\"><a aria-expanded=\"false\" aria-controls=\"cb21cf361c234836b\" role=\"button\" data-toggle=\"collapse\" data-parent=\"#accordion-10309-1\" data-target=\"#cb21cf361c234836b\" href=\"#cb21cf361c234836b\"><span class=\"fusion-toggle-icon-wrapper\" aria-hidden=\"true\"><i class=\"fa-fusion-box\" aria-hidden=\"true\"><\/i><\/span><span class=\"fusion-toggle-heading\">\u00bfC\u00f3mo entro al camping?<\/span><\/a><\/h4><\/div><div id=\"cb21cf361c234836b\" class=\"panel-collapse collapse \"><div class=\"panel-body toggle-content fusion-clearfix\">\n<p>Don Osvaldo, nuestro Guarda Parque recibe a nuestras visitas y les provee de sus diferentes requerimientos cada d\u00eda.\u00a0 El puede tambi\u00e9n guiarles para comenzar una caminata en el cerro.<\/p>\n<\/div><\/div><\/div><div class=\"fusion-panel panel-default\"><div class=\"panel-heading\"><h4 class=\"panel-title toggle\"><a aria-expanded=\"false\" aria-controls=\"7be0478d1d26d489a\" role=\"button\" data-toggle=\"collapse\" data-parent=\"#accordion-10309-1\" data-target=\"#7be0478d1d26d489a\" href=\"#7be0478d1d26d489a\"><span class=\"fusion-toggle-icon-wrapper\" aria-hidden=\"true\"><i class=\"fa-fusion-box\" aria-hidden=\"true\"><\/i><\/span><span class=\"fusion-toggle-heading\">\u00bf Puedo llegar al lado de mi carpa con el auto?<\/span><\/a><\/h4><\/div><div id=\"7be0478d1d26d489a\" class=\"panel-collapse collapse \"><div class=\"panel-body toggle-content fusion-clearfix\">\n<p>No, los autos permanecen en el estacionamiento que est\u00e1 a 100 metros m\u00e1s\u00a0 arriba del sector de carpas. Sus cosas las pueden bajar con la ayuda de Don Osvaldo.<\/p>\n<\/div><\/div><\/div><div class=\"fusion-panel panel-default\"><div class=\"panel-heading\"><h4 class=\"panel-title toggle\"><a aria-expanded=\"false\" aria-controls=\"1618cb25c8a5b15e3\" role=\"button\" data-toggle=\"collapse\" data-parent=\"#accordion-10309-1\" data-target=\"#1618cb25c8a5b15e3\" href=\"#1618cb25c8a5b15e3\"><span class=\"fusion-toggle-icon-wrapper\" aria-hidden=\"true\"><i class=\"fa-fusion-box\" aria-hidden=\"true\"><\/i><\/span><span class=\"fusion-toggle-heading\">\u00bf Hay pozones de rio cerca?<\/span><\/a><\/h4><\/div><div id=\"1618cb25c8a5b15e3\" class=\"panel-collapse collapse \"><div class=\"panel-body toggle-content fusion-clearfix\">\n<p>Si, hay varios lugares lindos para ba\u00f1arse con aguas calmas y corrientes suaves.<\/p>\n<\/div><\/div><\/div><div class=\"fusion-panel panel-default\"><div class=\"panel-heading\"><h4 class=\"panel-title toggle\"><a aria-expanded=\"false\" aria-controls=\"e78b077c465a734a2\" role=\"button\" data-toggle=\"collapse\" data-parent=\"#accordion-10309-1\" data-target=\"#e78b077c465a734a2\" href=\"#e78b077c465a734a2\"><span class=\"fusion-toggle-icon-wrapper\" aria-hidden=\"true\"><i class=\"fa-fusion-box\" aria-hidden=\"true\"><\/i><\/span><span class=\"fusion-toggle-heading\">\u00bf Hay refrigeraci\u00f3n?<\/span><\/a><\/h4><\/div><div id=\"e78b077c465a734a2\" class=\"panel-collapse collapse \"><div class=\"panel-body toggle-content fusion-clearfix\">\n<p>No. Sugerimos comer la comida perecible en los primeros d\u00edas y los abarrotes no perecibles en los d\u00edas posteriores.\u00a0 Se puede poner el cooler en la vertiente que es sombr\u00eda y as\u00ed prolongar el fr\u00edo de la comida.<\/p>\n<\/div><\/div><\/div><div class=\"fusion-panel panel-default\"><div class=\"panel-heading\"><h4 class=\"panel-title toggle\"><a aria-expanded=\"false\" aria-controls=\"1b1a79ea472252fc0\" role=\"button\" data-toggle=\"collapse\" data-parent=\"#accordion-10309-1\" data-target=\"#1b1a79ea472252fc0\" href=\"#1b1a79ea472252fc0\"><span class=\"fusion-toggle-icon-wrapper\" aria-hidden=\"true\"><i class=\"fa-fusion-box\" aria-hidden=\"true\"><\/i><\/span><span class=\"fusion-toggle-heading\">\u00bf Hay d\u00f3nde comprar comida cerca?<\/span><\/a><\/h4><\/div><div id=\"1b1a79ea472252fc0\" class=\"panel-collapse collapse \"><div class=\"panel-body toggle-content fusion-clearfix\">\n<p>Pejerrey es el pueblo m\u00e1s\u00a0 cercano a 30 minutos y tiene comida limitada a la venta. Linares est\u00e1 a 1 hora y ah\u00ed hay varios supermercados grandes. En el campo vecino hacen pan para la venta y venden algunas cosas a veces.<\/p>\n<\/div><\/div><\/div><div class=\"fusion-panel panel-default\"><div class=\"panel-heading\"><h4 class=\"panel-title toggle\"><a aria-expanded=\"false\" aria-controls=\"caff58f00bea91c0b\" role=\"button\" data-toggle=\"collapse\" data-parent=\"#accordion-10309-1\" data-target=\"#caff58f00bea91c0b\" href=\"#caff58f00bea91c0b\"><span class=\"fusion-toggle-icon-wrapper\" aria-hidden=\"true\"><i class=\"fa-fusion-box\" aria-hidden=\"true\"><\/i><\/span><span class=\"fusion-toggle-heading\">\u00bf Debo traer agua?<\/span><\/a><\/h4><\/div><div id=\"caff58f00bea91c0b\" class=\"panel-collapse collapse \"><div class=\"panel-body toggle-content fusion-clearfix\">\n<p>NO. Hay agua de vertiente.<\/p>\n<\/div><\/div><\/div><div class=\"fusion-panel panel-default\"><div class=\"panel-heading\"><h4 class=\"panel-title toggle\"><a aria-expanded=\"false\" aria-controls=\"02d8231fb2120db87\" role=\"button\" data-toggle=\"collapse\" data-parent=\"#accordion-10309-1\" data-target=\"#02d8231fb2120db87\" href=\"#02d8231fb2120db87\"><span class=\"fusion-toggle-icon-wrapper\" aria-hidden=\"true\"><i class=\"fa-fusion-box\" aria-hidden=\"true\"><\/i><\/span><span class=\"fusion-toggle-heading\">\u00bf Debo traer cocinilla de gas?<\/span><\/a><\/h4><\/div><div id=\"02d8231fb2120db87\" class=\"panel-collapse collapse \"><div class=\"panel-body toggle-content fusion-clearfix\">\n<p>En el quincho hay dos tipos de cocina y parrilla gas y fuego.<\/p>\n<\/div><\/div><\/div><div class=\"fusion-panel panel-default\"><div class=\"panel-heading\"><h4 class=\"panel-title toggle\"><a aria-expanded=\"false\" aria-controls=\"c493f841d26bde228\" role=\"button\" data-toggle=\"collapse\" data-parent=\"#accordion-10309-1\" data-target=\"#c493f841d26bde228\" href=\"#c493f841d26bde228\"><span class=\"fusion-toggle-icon-wrapper\" aria-hidden=\"true\"><i class=\"fa-fusion-box\" aria-hidden=\"true\"><\/i><\/span><span class=\"fusion-toggle-heading\">\u00bf Puedo traer mascotas?<\/span><\/a><\/h4><\/div><div id=\"c493f841d26bde228\" class=\"panel-collapse collapse \"><div class=\"panel-body toggle-content fusion-clearfix\">\n<p>No, las mascotas est\u00e1n prohibidas en el santuario de la naturaleza del caj\u00f3n Achibueno.<\/p>\n<\/div><\/div><\/div><div class=\"fusion-panel panel-default\"><div class=\"panel-heading\"><h4 class=\"panel-title toggle\"><a aria-expanded=\"false\" aria-controls=\"44298b0b42bf91e94\" role=\"button\" data-toggle=\"collapse\" data-parent=\"#accordion-10309-1\" data-target=\"#44298b0b42bf91e94\" href=\"#44298b0b42bf91e94\"><span class=\"fusion-toggle-icon-wrapper\" aria-hidden=\"true\"><i class=\"fa-fusion-box\" aria-hidden=\"true\"><\/i><\/span><span class=\"fusion-toggle-heading\">\u00bf Puedo pescar?<\/span><\/a><\/h4><\/div><div id=\"44298b0b42bf91e94\" class=\"panel-collapse collapse \"><div class=\"panel-body toggle-content fusion-clearfix\">\n<p>No, la pesca est\u00e1 prohibida por ser santuario de la naturaleza.<\/p>\n<\/div><\/div><\/div><\/div><\/div><\/div><style type=\"text\/css\">.fusion-body .fusion-builder-column-0{width:100% !important;margin-top : 0px;margin-bottom : 20px;}.fusion-builder-column-0 > .fusion-column-wrapper {padding-top : 0px !important;padding-right : 0px !important;margin-right : 1.92%;padding-bottom : 0px !important;padding-left : 0px !important;margin-left : 1.92%;}@media only screen and (max-width:742px) {.fusion-body .fusion-builder-column-0{width:100% !important;order : 0;}.fusion-builder-column-0 > .fusion-column-wrapper {margin-right : 1.92%;margin-left : 1.92%;}}@media only screen and (max-width:650px) {.fusion-body .fusion-builder-column-0{width:100% !important;order : 0;}.fusion-builder-column-0 > .fusion-column-wrapper {margin-right : 1.92%;margin-left : 1.92%;}}<\/style><\/div><\/div><style type=\"text\/css\">.fusion-body .fusion-flex-container.fusion-builder-row-1{ padding-top : 0px;margin-top : 0px;padding-right : 30px;padding-bottom : 0px;margin-bottom : 0px;padding-left : 30px;}<\/style><\/div><div class=\"fusion-fullwidth fullwidth-box fusion-builder-row-2 fusion-flex-container nonhundred-percent-fullwidth non-hundred-percent-height-scrolling\" style=\"background-color: rgba(255,255,255,0);background-position: center center;background-repeat: no-repeat;border-width: 0px 0px 0px 0px;border-color:#eae9e9;border-style:solid;\" ><div class=\"fusion-builder-row fusion-row fusion-flex-align-items-flex-start\" style=\"max-width:1216.8px;margin-left: calc(-4% \/ 2 );margin-right: calc(-4% \/ 2 );\"><div class=\"fusion-layout-column fusion_builder_column fusion-builder-column-1 fusion_builder_column_1_1 1_1 fusion-flex-column\"><div class=\"fusion-column-wrapper fusion-flex-justify-content-flex-start fusion-content-layout-column\" style=\"background-position:left top;background-repeat:no-repeat;-webkit-background-size:cover;-moz-background-size:cover;-o-background-size:cover;background-size:cover;padding: 0px 0px 0px 0px;\"><style type='text\/css'>.reading-box-container-1 .element-bottomshadow:before,.reading-box-container-1 .element-bottomshadow:after{opacity:0.7;}<\/style><div class=\"fusion-reading-box-container reading-box-container-1\" style=\"margin-top:30px;margin-bottom:30px;\"><div class=\"reading-box\" style=\"background-color:rgba(255,255,255,0);border-width:1px;border-color:#e2e2e2;border-left-width:3px;border-left-color:var(--primary_color);border-style:solid;\"><h2>\u00bf Tienes dudas?<\/h2><div class=\"reading-box-description fusion-reading-box-additional\">Contacta a:<\/div><div class=\"reading-box-additional\">\n<p><strong>Elisa Sep\u00falveda:<\/strong> +569 9166 0308 \u2013 lasmulaschile@gmail.com<\/p>\n<\/div><div class=\"fusion-clearfix\"><\/div><\/div><\/div><\/div><style type=\"text\/css\">.fusion-body .fusion-builder-column-1{width:100% !important;margin-top : 0px;margin-bottom : 20px;}.fusion-builder-column-1 > .fusion-column-wrapper {padding-top : 0px !important;padding-right : 0px !important;margin-right : 1.92%;padding-bottom : 0px !important;padding-left : 0px !important;margin-left : 1.92%;}@media only screen and (max-width:742px) {.fusion-body .fusion-builder-column-1{width:100% !important;order : 0;}.fusion-builder-column-1 > .fusion-column-wrapper {margin-right : 1.92%;margin-left : 1.92%;}}@media only screen and (max-width:650px) {.fusion-body .fusion-builder-column-1{width:100% !important;order : 0;}.fusion-builder-column-1 > .fusion-column-wrapper {margin-right : 1.92%;margin-left : 1.92%;}}<\/style><\/div><\/div><style type=\"text\/css\">.fusion-body .fusion-flex-container.fusion-builder-row-2{ padding-top : 0px;margin-top : 0px;padding-right : 30px;padding-bottom : 0px;margin-bottom : 0px;padding-left : 30px;}<\/style><\/div><\/p>\n<\/body>","protected":false},"excerpt":{"rendered":"","protected":false},"author":1,"featured_media":0,"parent":0,"menu_order":0,"comment_status":"closed","ping_status":"closed","template":"","meta":{"content-type":"","om_disable_all_campaigns":false,"_monsterinsights_skip_tracking":false,"_monsterinsights_sitenote_active":false,"_monsterinsights_sitenote_note":"","_monsterinsights_sitenote_category":0,"footnotes":""},"class_list":["post-10309","page","type-page","status-publish","hentry"],"_links":{"self":[{"href":"https:\/\/achibueno.com\/camp\/wp-json\/wp\/v2\/pages\/10309","targetHints":{"allow":["GET"]}}],"collection":[{"href":"https:\/\/achibueno.com\/camp\/wp-json\/wp\/v2\/pages"}],"about":[{"href":"https:\/\/achibueno.com\/camp\/wp-json\/wp\/v2\/types\/page"}],"author":[{"embeddable":true,"href":"https:\/\/achibueno.com\/camp\/wp-json\/wp\/v2\/users\/1"}],"replies":[{"embeddable":true,"href":"https:\/\/achibueno.com\/camp\/wp-json\/wp\/v2\/comments?post=10309"}],"version-history":[{"count":5,"href":"https:\/\/achibueno.com\/camp\/wp-json\/wp\/v2\/pages\/10309\/revisions"}],"predecessor-version":[{"id":11766,"href":"https:\/\/achibueno.com\/camp\/wp-json\/wp\/v2\/pages\/10309\/revisions\/11766"}],"wp:attachment":[{"href":"https:\/\/achibueno.com\/camp\/wp-json\/wp\/v2\/media?parent=10309"}],"curies":[{"name":"wp","href":"https:\/\/api.w.org\/{rel}","templated":true}]}}