{"id":4811,"date":"2020-11-30T20:16:42","date_gmt":"2020-11-30T20:16:42","guid":{"rendered":"http:\/\/achibueno.com\/camp\/?page_id=4811"},"modified":"2024-08-17T22:17:43","modified_gmt":"2024-08-17T22:17:43","slug":"formulario-quiero-ser-counselor","status":"publish","type":"page","link":"https:\/\/achibueno.com\/camp\/formulario-quiero-ser-counselor\/","title":{"rendered":"Formulario Quiero ser Counselor"},"content":{"rendered":"<body><p><div class=\"fusion-fullwidth fullwidth-box fusion-builder-row-1 fusion-flex-container nonhundred-percent-fullwidth non-hundred-percent-height-scrolling\" style=\"background-color: rgba(255,255,255,0);background-position: left top;background-repeat: no-repeat;border-width: 0px 0px 0px 0px;border-color:#eae9e9;border-style:solid;\" ><div class=\"fusion-builder-row fusion-row fusion-flex-align-items-flex-start\" style=\"max-width:1216.8px;margin-left: calc(-4% \/ 2 );margin-right: calc(-4% \/ 2 );\"><div class=\"fusion-layout-column fusion_builder_column fusion-builder-column-0 fusion_builder_column_1_1 1_1 fusion-flex-column fusion-flex-align-self-flex-start fusion-column-no-min-height\"><div class=\"fusion-column-wrapper fusion-flex-justify-content-flex-start fusion-content-layout-column\" style=\"background-position:left top;background-repeat:no-repeat;-webkit-background-size:cover;-moz-background-size:cover;-o-background-size:cover;background-size:cover;padding: 0px 0px 0px 0px;\"><div class=\"fusion-text fusion-text-1\"><p style=\"text-align: left;\"><span style=\"font-size: 33px;\" data-fusion-font=\"true\">\u00a1Postula aqu\u00ed!<\/span><br>Por favor completa y env\u00eda este formulario y cu\u00e9ntanos un poco sobre ti. Nos pondremos en contacto contigo a la brevedad.<\/p>\n<\/div><style type=\"text\/css\">@media only screen and (max-width:742px) {.fusion-title.fusion-title-1{margin-top:0px!important; margin-right:0px!important;margin-bottom:30px!important;margin-left:0px!important;}}@media only screen and (max-width:650px) {.fusion-title.fusion-title-1{margin-top:0px!important; margin-right:0px!important;margin-bottom:20px!important; margin-left:0px!important;}}<\/style><div class=\"fusion-title title fusion-title-1 fusion-title-text fusion-title-size-two\" style=\"margin-top:0px;margin-right:0px;margin-bottom:30px;margin-left:0px;\"><div class=\"title-sep-container title-sep-container-left fusion-no-large-visibility fusion-no-medium-visibility fusion-no-small-visibility\"><div class=\"title-sep sep-\" style=\"border-color:#e2e2e2;\"><\/div><\/div><h2 class=\"title-heading-left\" style=\"margin:0;\"><\/h2><div class=\"title-sep-container title-sep-container-right\"><div class=\"title-sep sep-\" style=\"border-color:#e2e2e2;\"><\/div><\/div><\/div><\/div><style type=\"text\/css\">.fusion-body .fusion-builder-column-0{width:100% !important;margin-top : 0px;margin-bottom : 0px;}.fusion-builder-column-0 > .fusion-column-wrapper {padding-top : 0px !important;padding-right : 0px !important;margin-right : 1.92%;padding-bottom : 0px !important;padding-left : 0px !important;margin-left : 1.92%;}@media only screen and (max-width:742px) {.fusion-body .fusion-builder-column-0{width:100% !important;}.fusion-builder-column-0 > .fusion-column-wrapper {margin-right : 1.92%;margin-left : 1.92%;}}@media only screen and (max-width:650px) {.fusion-body .fusion-builder-column-0{width:100% !important;}.fusion-builder-column-0 > .fusion-column-wrapper {margin-right : 1.92%;margin-left : 1.92%;}}<\/style><\/div><div class=\"fusion-layout-column fusion_builder_column fusion-builder-column-1 fusion_builder_column_2_3 2_3 fusion-flex-column\"><div class=\"fusion-column-wrapper fusion-flex-justify-content-flex-start fusion-content-layout-column\" style=\"background-position:left top;background-repeat:no-repeat;-webkit-background-size:cover;-moz-background-size:cover;-o-background-size:cover;background-size:cover;padding: 0px 0px 0px 0px;\">\n<div class=\"wpcf7 no-js\" id=\"wpcf7-f4810-o1\" lang=\"en-US\" dir=\"ltr\" data-wpcf7-id=\"4810\">\n<div class=\"screen-reader-response\"><p role=\"status\" aria-live=\"polite\" aria-atomic=\"true\"><\/p> <ul><\/ul><\/div>\n<form action=\"\/camp\/wp-json\/wp\/v2\/pages\/4811#wpcf7-f4810-o1\" method=\"post\" class=\"wpcf7-form init\" aria-label=\"Contact form\" enctype=\"multipart\/form-data\" novalidate=\"novalidate\" data-status=\"init\">\n<fieldset class=\"hidden-fields-container\"><input type=\"hidden\" name=\"_wpcf7\" value=\"4810\" \/><input type=\"hidden\" name=\"_wpcf7_version\" value=\"6.1.5\" \/><input type=\"hidden\" name=\"_wpcf7_locale\" value=\"en_US\" \/><input type=\"hidden\" name=\"_wpcf7_unit_tag\" value=\"wpcf7-f4810-o1\" \/><input type=\"hidden\" name=\"_wpcf7_container_post\" value=\"0\" \/><input type=\"hidden\" name=\"_wpcf7_posted_data_hash\" value=\"\" \/><input type=\"hidden\" name=\"_wpcf7cf_hidden_group_fields\" value=\"[]\" \/><input type=\"hidden\" name=\"_wpcf7cf_hidden_groups\" value=\"[]\" \/><input type=\"hidden\" name=\"_wpcf7cf_visible_groups\" value=\"[]\" \/><input type=\"hidden\" name=\"_wpcf7cf_repeaters\" value=\"[]\" \/><input type=\"hidden\" name=\"_wpcf7cf_steps\" value=\"{}\" \/><input type=\"hidden\" name=\"_wpcf7cf_options\" value=\"{&quot;form_id&quot;:4810,&quot;conditions&quot;:[{&quot;then_field&quot;:&quot;group-jr&quot;,&quot;and_rules&quot;:[{&quot;if_field&quot;:&quot;radio-programa&quot;,&quot;operator&quot;:&quot;equals&quot;,&quot;if_value&quot;:&quot;Jr. Counselor&quot;}]},{&quot;then_field&quot;:&quot;group-counselor&quot;,&quot;and_rules&quot;:[{&quot;if_field&quot;:&quot;radio-programa&quot;,&quot;operator&quot;:&quot;equals&quot;,&quot;if_value&quot;:&quot;Counselor&quot;}]}],&quot;settings&quot;:{&quot;animation&quot;:&quot;yes&quot;,&quot;animation_intime&quot;:200,&quot;animation_outtime&quot;:200,&quot;conditions_ui&quot;:&quot;normal&quot;,&quot;notice_dismissed&quot;:false,&quot;notice_dismissed_rollback-cf7-5.9.5&quot;:true}}\" \/><input type=\"hidden\" name=\"redirect_nonce\" value=\"c5335e6ec1\" \/><input type=\"hidden\" name=\"wpcf7cfpdf_hidden_name\" value=\"document-pdf\" \/><input type=\"hidden\" name=\"wpcf7cfpdf_hidden_reference\" value=\"d2d46ad6\" \/><input type=\"hidden\" name=\"wpcf7cfpdf_hidden_date\" value=\"04162026\" \/><input type=\"hidden\" name=\"_wpcf7_recaptcha_response\" value=\"\" \/>\n<\/fieldset>\n<div class=\"one-third\">\n\t<p><label>Nombre<span class=\"rojo\">*<\/span><br \/>\n<span class=\"wpcf7-form-control-wrap\" data-name=\"tu-nombre\"><input size=\"40\" maxlength=\"400\" class=\"wpcf7-form-control wpcf7-text wpcf7-validates-as-required\" aria-required=\"true\" aria-invalid=\"false\" placeholder=\"Ejemplo: Antonia\" value=\"\" type=\"text\" name=\"tu-nombre\" \/><\/span><\/label>\n\t<\/p>\n<\/div>\n<div class=\"one-third\">\n\t<p><label>Apellido Paterno <span class=\"rojo\">*<\/span><br \/>\n<span class=\"wpcf7-form-control-wrap\" data-name=\"tu-apellido-paterno\"><input size=\"40\" maxlength=\"400\" class=\"wpcf7-form-control wpcf7-text wpcf7-validates-as-required\" aria-required=\"true\" aria-invalid=\"false\" placeholder=\"Ejemplo:Rojas\" value=\"\" type=\"text\" name=\"tu-apellido-paterno\" \/><\/span><\/label>\n\t<\/p>\n<\/div>\n<div class=\"one-third last\">\n\t<p><label>Apellido Materno<span class=\"rojo\">*<\/span><br \/>\n<span class=\"wpcf7-form-control-wrap\" data-name=\"tu-apellido-materno\"><input size=\"40\" maxlength=\"400\" class=\"wpcf7-form-control wpcf7-text wpcf7-validates-as-required\" aria-required=\"true\" aria-invalid=\"false\" placeholder=\"Ejemplo:Lagos\" value=\"\" type=\"text\" name=\"tu-apellido-materno\" \/><\/span><\/label>\n\t<\/p>\n<\/div>\n<div class=\"one-third\">\n\t<p><label>Correo electr\u00f3nico<span class=\"rojo\">*<\/span><br \/>\n<span class=\"wpcf7-form-control-wrap\" data-name=\"email\"><input size=\"40\" maxlength=\"400\" class=\"wpcf7-form-control wpcf7-email wpcf7-validates-as-required wpcf7-text wpcf7-validates-as-email\" aria-required=\"true\" aria-invalid=\"false\" placeholder=\"Ejemplo:mrojas@gmail.com\" value=\"\" type=\"email\" name=\"email\" \/><\/span><\/label>\n\t<\/p>\n<\/div>\n<div class=\"one-all\">\n\t<p><label>\u00bfPor qu\u00e9 quieres ser Counselor?<span class=\"rojo\">*<\/span><br \/>\n<span class=\"wpcf7-form-control-wrap\" data-name=\"textarea-por-que\"><textarea cols=\"40\" rows=\"10\" maxlength=\"2000\" class=\"wpcf7-form-control wpcf7-textarea wpcf7-validates-as-required\" aria-required=\"true\" aria-invalid=\"false\" placeholder=\"\" name=\"textarea-por-que\"><\/textarea><\/span><\/label>\n\t<\/p>\n<\/div>\n<div class=\"one-all\">\n\t<p><label>\u00bfC\u00f3mo crees que puedes ayudar?<span class=\"rojo\">*<\/span><br \/>\n<span class=\"wpcf7-form-control-wrap\" data-name=\"textarea-como\"><textarea cols=\"40\" rows=\"10\" maxlength=\"2000\" class=\"wpcf7-form-control wpcf7-textarea wpcf7-validates-as-required\" aria-required=\"true\" aria-invalid=\"false\" placeholder=\"\" name=\"textarea-como\"><\/textarea><\/span><\/label>\n\t<\/p>\n<\/div>\n<div class=\"one-all\">\n\t<p><label>\u00bfCu\u00e1l es tu experiencia trabajando con ni\u00f1os?<span class=\"rojo\">*<\/span><br \/>\n<span class=\"wpcf7-form-control-wrap\" data-name=\"textarea-experiencia\"><textarea cols=\"40\" rows=\"10\" maxlength=\"2000\" class=\"wpcf7-form-control wpcf7-textarea wpcf7-validates-as-required\" aria-required=\"true\" aria-invalid=\"false\" placeholder=\"\" name=\"textarea-experiencia\"><\/textarea><\/span><\/label>\n\t<\/p>\n<\/div>\n<div class=\"one-all\">\n\t<p><label>\u00bfCu\u00e1l es tu especialidad?<span class=\"rojo\">*<\/span><br \/>\n<span class=\"wpcf7-form-control-wrap\" data-name=\"textarea-especialidad\"><textarea cols=\"40\" rows=\"10\" maxlength=\"2000\" class=\"wpcf7-form-control wpcf7-textarea wpcf7-validates-as-required\" aria-required=\"true\" aria-invalid=\"false\" placeholder=\"Ej:Nataci\u00f3n, Montar a Caballo, M\u00fasica, etc...\" name=\"textarea-especialidad\"><\/textarea><\/span><\/label>\n\t<\/p>\n<\/div>\n<div class=\"one-all\">\n\t<p><label>\u00bfA qu\u00e9 camps has ido?<span class=\"rojo\">*<\/span><br \/>\n<span class=\"wpcf7-form-control-wrap\" data-name=\"textarea-camp\"><textarea cols=\"40\" rows=\"10\" maxlength=\"2000\" class=\"wpcf7-form-control wpcf7-textarea wpcf7-validates-as-required\" aria-required=\"true\" aria-invalid=\"false\" placeholder=\"Ej:He ido a un camp ecuestre en San Fernando, S\u00f3lo he ido a Las Mulas\" name=\"textarea-camp\"><\/textarea><\/span><\/label>\n\t<\/p>\n<\/div>\n<div class=\"one-all\">\n\t<p><label>Tu Curriculum<span class=\"rojo\"><\/span><br \/>\n<span class=\"wpcf7-form-control-wrap\" data-name=\"file-391\"><input size=\"40\" class=\"wpcf7-form-control wpcf7-file\" accept=\".pdf\" aria-invalid=\"false\" type=\"file\" name=\"file-391\" \/><\/span><\/label>\n\t<\/p>\n<\/div>\n<div class=\"one-third\">\n\t<p><input class=\"wpcf7-form-control wpcf7-submit has-spinner\" type=\"submit\" value=\"Enviar Postulaci\u00f3n\" \/>\n\t<\/p>\n<\/div><div class=\"fusion-alert alert custom alert-custom fusion-alert-center wpcf7-response-output fusion-alert-capitalize alert-dismissable\" style=\"border-width:1px;\"><button type=\"button\" class=\"close toggle-alert\" data-dismiss=\"alert\" aria-hidden=\"true\">&times;<\/button><div class=\"fusion-alert-content-wrapper\"><span class=\"fusion-alert-content\"><\/span><\/div><\/div>\n<\/form>\n<\/div>\n<\/div><style type=\"text\/css\">.fusion-body .fusion-builder-column-1{width:66.666666666667% !important;margin-top : 0px;margin-bottom : 20px;}.fusion-builder-column-1 > .fusion-column-wrapper {padding-top : 0px !important;padding-right : 0px !important;margin-right : 2.88%;padding-bottom : 0px !important;padding-left : 0px !important;margin-left : 2.88%;}@media only screen and (max-width:742px) {.fusion-body .fusion-builder-column-1{width:100% !important;order : 0;}.fusion-builder-column-1 > .fusion-column-wrapper {margin-right : 1.92%;margin-left : 1.92%;}}@media only screen and (max-width:650px) {.fusion-body .fusion-builder-column-1{width:100% !important;order : 0;}.fusion-builder-column-1 > .fusion-column-wrapper {margin-right : 1.92%;margin-left : 1.92%;}}<\/style><\/div><div class=\"fusion-layout-column fusion_builder_column fusion-builder-column-2 fusion_builder_column_1_3 1_3 fusion-flex-column fusion-animated\" data-animationType=\"fadeInLeft\" data-animationDuration=\"0.8\" data-animationOffset=\"50%\"><div class=\"fusion-column-wrapper fusion-flex-justify-content-center fusion-content-layout-column\" style=\"background-position:left top;background-repeat:no-repeat;-webkit-background-size:cover;-moz-background-size:cover;-o-background-size:cover;background-size:cover;padding: 0px 0px 0px 0px;\"><div ><span class=\" fusion-imageframe imageframe-none imageframe-1 hover-type-none\" style=\"border-radius:10PX;\"><img decoding=\"async\" width=\"1024\" height=\"473\" title=\"equipo\" src=\"http:\/\/achibueno.com\/camp\/wp-content\/uploads\/2020\/10\/equipo-1024x473.jpg\" class=\"img-responsive wp-image-4420\" srcset=\"https:\/\/achibueno.com\/camp\/wp-content\/uploads\/2020\/10\/equipo-200x92.jpg 200w, https:\/\/achibueno.com\/camp\/wp-content\/uploads\/2020\/10\/equipo-400x185.jpg 400w, https:\/\/achibueno.com\/camp\/wp-content\/uploads\/2020\/10\/equipo-600x277.jpg 600w, https:\/\/achibueno.com\/camp\/wp-content\/uploads\/2020\/10\/equipo-800x370.jpg 800w, https:\/\/achibueno.com\/camp\/wp-content\/uploads\/2020\/10\/equipo-1200x554.jpg 1200w, https:\/\/achibueno.com\/camp\/wp-content\/uploads\/2020\/10\/equipo.jpg 2000w\" sizes=\"(max-width: 742px) 100vw, (max-width: 650px) 100vw, 400px\" \/><\/span><\/div><div class=\"fusion-separator fusion-full-width-sep\" style=\"align-self: center;margin-left: auto;margin-right: auto;margin-top:10px;width:100%;\"><\/div><\/div><style type=\"text\/css\">.fusion-body .fusion-builder-column-2{width:33.333333333333% !important;margin-top : 0px;margin-bottom : 40px;}.fusion-builder-column-2 > .fusion-column-wrapper {padding-top : 0px !important;padding-right : 0px !important;margin-right : 5.76%;padding-bottom : 0px !important;padding-left : 0px !important;margin-left : 5.76%;}@media only screen and (max-width:742px) {.fusion-body .fusion-builder-column-2{width:100% !important;}.fusion-builder-column-2 > .fusion-column-wrapper {margin-right : 1.92%;margin-left : 1.92%;}}@media only screen and (max-width:650px) {.fusion-body .fusion-builder-column-2{width:100% !important;}.fusion-builder-column-2 > .fusion-column-wrapper {margin-right : 1.92%;margin-left : 1.92%;}}<\/style><\/div><\/div><style type=\"text\/css\">.fusion-body .fusion-flex-container.fusion-builder-row-1{ padding-top : 30px;margin-top : 10px;padding-right : 30px;padding-bottom : 30px;margin-bottom : 10px;padding-left : 30px;}<\/style><\/div><div class=\"fusion-fullwidth fullwidth-box fusion-builder-row-2 fusion-flex-container nonhundred-percent-fullwidth non-hundred-percent-height-scrolling\" style=\"background-color: rgba(255,255,255,0);background-position: center center;background-repeat: no-repeat;border-width: 5px 0px 0px 0px;border-color:#f5f5f5;border-style:solid;\" ><div class=\"fusion-builder-row fusion-row fusion-flex-align-items-flex-start\" style=\"max-width:1216.8px;margin-left: calc(-4% \/ 2 );margin-right: calc(-4% \/ 2 );\"><div class=\"fusion-layout-column fusion_builder_column fusion-builder-column-3 fusion_builder_column_1_1 1_1 fusion-flex-column fusion-animated\" data-animationType=\"fadeInLeft\" data-animationDuration=\"0.8\" data-animationOffset=\"50%\"><div class=\"fusion-column-wrapper fusion-flex-justify-content-center fusion-content-layout-column\" style=\"background-position:left top;background-repeat:no-repeat;-webkit-background-size:cover;-moz-background-size:cover;-o-background-size:cover;background-size:cover;padding: 0px 0px 0px 0px;\"><div class=\"fusion-text fusion-text-2\"><h2 data-fusion-font=\"true\" style=\"font-size: 20px;\">\u00bfQu\u00e9 otros beneficios tengo al ser counselor?<\/h2>\n<\/div><ul class=\"fusion-checklist fusion-checklist-1\" style=\"font-size:14px;line-height:23.8px;\"><li class=\"fusion-li-item\"><span style=\"background-color:#e88c0d;font-size:12.32px;height:23.8px;width:23.8px;margin-right:9.8px;\" class=\"icon-wrapper circle-yes\"><i class=\"fusion-li-icon fa fa-check\" style=\"color:#ffffff;\" aria-hidden=\"true\"><\/i><\/span><div class=\"fusion-li-item-content\" style=\"margin-left:33.6px;\">\n<p>Cada a\u00f1o consecutivo se les otorgar\u00e1n mayores responsabilidades y pagos. <\/p>\n<\/div><\/li><\/ul><ul class=\"fusion-checklist fusion-checklist-2\" style=\"font-size:14px;line-height:23.8px;\"><li class=\"fusion-li-item\"><span style=\"background-color:#e88c0d;font-size:12.32px;height:23.8px;width:23.8px;margin-right:9.8px;\" class=\"icon-wrapper circle-yes\"><i class=\"fusion-li-icon fa fa-check\" style=\"color:#ffffff;\" aria-hidden=\"true\"><\/i><\/span><div class=\"fusion-li-item-content\" style=\"margin-left:33.6px;\">\n<p>Podemos escribir una carta de recomendaci\u00f3n para futuros trabajos o postulaciones para la universidad <\/p>\n<\/div><\/li><\/ul><ul class=\"fusion-checklist fusion-checklist-3\" style=\"font-size:14px;line-height:23.8px;\"><li class=\"fusion-li-item\"><span style=\"background-color:#e88c0d;font-size:12.32px;height:23.8px;width:23.8px;margin-right:9.8px;\" class=\"icon-wrapper circle-yes\"><i class=\"fusion-li-icon fa fa-check\" style=\"color:#ffffff;\" aria-hidden=\"true\"><\/i><\/span><div class=\"fusion-li-item-content\" style=\"margin-left:33.6px;\">\n<p>Si son contratados nuevamente por un cuarto a\u00f1o, ser\u00e1n considerados un \u201cCounselor in Trainning\u201d o \u201cmonitor en entrenamiento\u201d y har\u00e1n un a\u00f1o de intercambio. En esta experiencia, el ni\u00f1o cambiar\u00e1 su trabajo por su transporte, alojamiento y comida, as\u00ed como por un a\u00f1o m\u00e1s sustancial de capacitaci\u00f3n y formaci\u00f3n. <\/p>\n<\/div><\/li><\/ul><ul class=\"fusion-checklist fusion-checklist-4\" style=\"font-size:14px;line-height:23.8px;\"><li class=\"fusion-li-item\"><span style=\"background-color:#e88c0d;font-size:12.32px;height:23.8px;width:23.8px;margin-right:9.8px;\" class=\"icon-wrapper circle-yes\"><i class=\"fusion-li-icon fa fa-check\" style=\"color:#ffffff;\" aria-hidden=\"true\"><\/i><\/span><div class=\"fusion-li-item-content\" style=\"margin-left:33.6px;\">\n<p>Finalmente, un quinto a\u00f1o puede resultar en un trabajo real. Si sus hijos van a la universidad en Chile, pueden tener un trabajo de verano durante varios a\u00f1os. Nuestros mejores miembros del equipo son campistas que pasan por todas estas etapas.. <\/p>\n<\/div><\/li><\/ul><div class=\"fusion-separator fusion-full-width-sep\" style=\"align-self: center;margin-left: auto;margin-right: auto;margin-top:10px;width:100%;\"><\/div><\/div><style type=\"text\/css\">.fusion-body .fusion-builder-column-3{width:100% !important;margin-top : 30px;margin-bottom : 40px;}.fusion-builder-column-3 > .fusion-column-wrapper {padding-top : 0px !important;padding-right : 0px !important;margin-right : 1.92%;padding-bottom : 0px !important;padding-left : 0px !important;margin-left : 1.92%;}@media only screen and (max-width:742px) {.fusion-body .fusion-builder-column-3{width:100% !important;}.fusion-builder-column-3 > .fusion-column-wrapper {margin-right : 1.92%;margin-left : 1.92%;}}@media only screen and (max-width:650px) {.fusion-body .fusion-builder-column-3{width:100% !important;}.fusion-builder-column-3 > .fusion-column-wrapper {margin-right : 1.92%;margin-left : 1.92%;}}<\/style><\/div><\/div><style type=\"text\/css\">.fusion-body .fusion-flex-container.fusion-builder-row-2{ padding-top : 0px;margin-top : 0px;padding-right : 30px;padding-bottom : 0px;margin-bottom : 0px;padding-left : 30px;}<\/style><\/div><\/p>\n<\/body>","protected":false},"excerpt":{"rendered":"","protected":false},"author":1,"featured_media":0,"parent":0,"menu_order":0,"comment_status":"closed","ping_status":"closed","template":"100-width.php","meta":{"content-type":"","om_disable_all_campaigns":false,"_monsterinsights_skip_tracking":false,"_monsterinsights_sitenote_active":false,"_monsterinsights_sitenote_note":"","_monsterinsights_sitenote_category":0,"footnotes":""},"class_list":["post-4811","page","type-page","status-publish","hentry"],"_links":{"self":[{"href":"https:\/\/achibueno.com\/camp\/wp-json\/wp\/v2\/pages\/4811","targetHints":{"allow":["GET"]}}],"collection":[{"href":"https:\/\/achibueno.com\/camp\/wp-json\/wp\/v2\/pages"}],"about":[{"href":"https:\/\/achibueno.com\/camp\/wp-json\/wp\/v2\/types\/page"}],"author":[{"embeddable":true,"href":"https:\/\/achibueno.com\/camp\/wp-json\/wp\/v2\/users\/1"}],"replies":[{"embeddable":true,"href":"https:\/\/achibueno.com\/camp\/wp-json\/wp\/v2\/comments?post=4811"}],"version-history":[{"count":4,"href":"https:\/\/achibueno.com\/camp\/wp-json\/wp\/v2\/pages\/4811\/revisions"}],"predecessor-version":[{"id":11619,"href":"https:\/\/achibueno.com\/camp\/wp-json\/wp\/v2\/pages\/4811\/revisions\/11619"}],"wp:attachment":[{"href":"https:\/\/achibueno.com\/camp\/wp-json\/wp\/v2\/media?parent=4811"}],"curies":[{"name":"wp","href":"https:\/\/api.w.org\/{rel}","templated":true}]}}